{"id":67,"date":"2022-09-14T07:17:52","date_gmt":"2022-09-14T07:17:52","guid":{"rendered":"https:\/\/homepage-macher.de\/?page_id=67"},"modified":"2022-10-06T12:33:03","modified_gmt":"2022-10-06T12:33:03","slug":"impressum","status":"publish","type":"page","link":"https:\/\/homepage-macher.de\/index.php\/impressum\/","title":{"rendered":"Impressum"},"content":{"rendered":"\t\t<div data-elementor-type=\"wp-page\" data-elementor-id=\"67\" class=\"elementor elementor-67\" data-elementor-post-type=\"page\">\n\t\t\t\t\t\t<section class=\"elementor-section elementor-top-section elementor-element elementor-element-57b3e90 elementor-section-boxed elementor-section-height-default elementor-section-height-default\" data-id=\"57b3e90\" data-element_type=\"section\" data-e-type=\"section\">\n\t\t\t\t\t\t<div class=\"elementor-container elementor-column-gap-default\">\n\t\t\t\t\t<div class=\"elementor-column elementor-col-100 elementor-top-column elementor-element elementor-element-bdc4a87\" data-id=\"bdc4a87\" data-element_type=\"column\" data-e-type=\"column\">\n\t\t\t<div class=\"elementor-widget-wrap elementor-element-populated\">\n\t\t\t\t\t\t<div class=\"elementor-element elementor-element-a59daa9 elementor-widget elementor-widget-spacer\" data-id=\"a59daa9\" data-element_type=\"widget\" data-e-type=\"widget\" data-widget_type=\"spacer.default\">\n\t\t\t\t<div class=\"elementor-widget-container\">\n\t\t\t\t\t\t\t<div class=\"elementor-spacer\">\n\t\t\t<div class=\"elementor-spacer-inner\"><\/div>\n\t\t<\/div>\n\t\t\t\t\t\t<\/div>\n\t\t\t\t<\/div>\n\t\t\t\t\t<\/div>\n\t\t<\/div>\n\t\t\t\t\t<\/div>\n\t\t<\/section>\n\t\t\t\t<section class=\"elementor-section elementor-top-section elementor-element elementor-element-13d5eea elementor-section-boxed elementor-section-height-default elementor-section-height-default\" data-id=\"13d5eea\" data-element_type=\"section\" data-e-type=\"section\">\n\t\t\t\t\t\t<div class=\"elementor-container elementor-column-gap-default\">\n\t\t\t\t\t<div class=\"elementor-column elementor-col-100 elementor-top-column elementor-element elementor-element-eaa50e3\" data-id=\"eaa50e3\" data-element_type=\"column\" data-e-type=\"column\">\n\t\t\t<div class=\"elementor-widget-wrap elementor-element-populated\">\n\t\t\t\t\t\t<div class=\"elementor-element elementor-element-5b6b054 elementor-widget elementor-widget-heading\" data-id=\"5b6b054\" data-element_type=\"widget\" data-e-type=\"widget\" data-widget_type=\"heading.default\">\n\t\t\t\t<div class=\"elementor-widget-container\">\n\t\t\t\t\t<h2 class=\"elementor-heading-title elementor-size-default\">Impressum<\/h2>\t\t\t\t<\/div>\n\t\t\t\t<\/div>\n\t\t\t\t\t<\/div>\n\t\t<\/div>\n\t\t\t\t\t<\/div>\n\t\t<\/section>\n\t\t\t\t<section class=\"elementor-section elementor-top-section elementor-element elementor-element-f42afd0 elementor-section-boxed elementor-section-height-default elementor-section-height-default\" data-id=\"f42afd0\" data-element_type=\"section\" data-e-type=\"section\">\n\t\t\t\t\t\t<div class=\"elementor-container elementor-column-gap-default\">\n\t\t\t\t\t<div class=\"elementor-column elementor-col-100 elementor-top-column elementor-element elementor-element-8622d2b\" data-id=\"8622d2b\" data-element_type=\"column\" data-e-type=\"column\">\n\t\t\t<div class=\"elementor-widget-wrap elementor-element-populated\">\n\t\t\t\t\t\t<div class=\"elementor-element elementor-element-c1b22b6 elementor-widget elementor-widget-spacer\" data-id=\"c1b22b6\" data-element_type=\"widget\" data-e-type=\"widget\" data-widget_type=\"spacer.default\">\n\t\t\t\t<div class=\"elementor-widget-container\">\n\t\t\t\t\t\t\t<div class=\"elementor-spacer\">\n\t\t\t<div class=\"elementor-spacer-inner\"><\/div>\n\t\t<\/div>\n\t\t\t\t\t\t<\/div>\n\t\t\t\t<\/div>\n\t\t\t\t\t<\/div>\n\t\t<\/div>\n\t\t\t\t\t<\/div>\n\t\t<\/section>\n\t\t\t\t<section class=\"elementor-section elementor-top-section elementor-element elementor-element-168e70a elementor-section-boxed elementor-section-height-default elementor-section-height-default\" data-id=\"168e70a\" data-element_type=\"section\" data-e-type=\"section\">\n\t\t\t\t\t\t<div class=\"elementor-container elementor-column-gap-default\">\n\t\t\t\t\t<div class=\"elementor-column elementor-col-100 elementor-top-column elementor-element elementor-element-d057af6\" data-id=\"d057af6\" data-element_type=\"column\" data-e-type=\"column\">\n\t\t\t<div class=\"elementor-widget-wrap elementor-element-populated\">\n\t\t\t\t\t\t<div class=\"elementor-element elementor-element-e374768 elementor-widget elementor-widget-text-editor\" data-id=\"e374768\" data-element_type=\"widget\" data-e-type=\"widget\" data-widget_type=\"text-editor.default\">\n\t\t\t\t<div class=\"elementor-widget-container\">\n\t\t\t\t\t\t\t\t\t<div class=\"elementor-element elementor-element-f86708a elementor-widget elementor-widget-text-editor\" data-id=\"f86708a\" data-element_type=\"widget\" data-widget_type=\"text-editor.default\">\n<div class=\"elementor-widget-container\">\n<p style=\"text-align: left;\"><span style=\"color: #000000;\">dieser internetauftritt wird betrieben von:<\/span><br><span style=\"color: #000000;\"><strong>foryu media ug (haftungsbeschr\u00e4nkt) &amp; co. kg<\/strong><\/span><br><span style=\"color: #000000;\">wahmstrasse 83<\/span><br><span style=\"color: #000000;\">23552 l\u00fcbeck<\/span><br><span style=\"color: #000000;\">tel.: 0451 \/&nbsp;98 98 64 46<\/span><br><span style=\"color: #000000;\">fax: 0451 \/ 88 31 461<\/span><br><span style=\"color: #000000;\">e-mail: info@foryu-media.de<\/span><br><span style=\"color: #000000;\">registergericht: amtsgericht l\u00fcbeck<\/span><br><span style=\"color: #000000;\">handelsregister nr.: hra 8046<\/span><\/p>\n<p style=\"text-align: left;\"><span style=\"color: #000000;\">die gesetzliche vertretung der foryu media ug (haftungsbeschr\u00e4nkt) &amp; co. kg erfolgt durch ihre komplement\u00e4rin, die foryu media verwaltungs ug (haftungsbeschr\u00e4nkt), diese wiederum handelnd durch ihren gesch\u00e4ftsf\u00fchrer.<\/span><br><span style=\"color: #000000;\">foryu media verwaltungs ug (haftungsbeschr\u00e4nkt)<\/span><br><span style=\"color: #000000;\">gesch\u00e4ftsf\u00fchrer: dennis forte<\/span><br><span style=\"color: #000000;\">registergericht: amtsgericht l\u00fcbeck<\/span><br><span style=\"color: #000000;\">handelsregister nr.: hrb 13857<\/span><\/p>\n<p style=\"text-align: left;\"><span style=\"color: #000000;\">f\u00fcr den inhalt verantwortlich im sinne von \u00a7 55 abs. 2 rstv:<\/span><br><span style=\"color: #000000;\">dennis forte<\/span><br><span style=\"color: #000000;\">foryu media ug (haftungsbeschr\u00e4nkt) &amp; co.kg<\/span><br><span style=\"color: #000000;\">wahmstrasse 83<\/span><br><span style=\"color: #000000;\">23552 l\u00fcbeck<\/span><\/p>\n<p style=\"text-align: left;\"><span style=\"color: #000000;\">beschwerdeverfahren<\/span><\/p>\n<p style=\"text-align: left;\"><span style=\"color: #000000;\">alternative streitbeilegung gem\u00e4\u00df art. 14 abs. 1 odr-vo und \u00a7 36 vsbg:<\/span><\/p>\n<p style=\"text-align: left;\"><span style=\"color: #000000;\">die europ\u00e4ische kommission stellt eine plattform zur online-streitbeilegung (os) bereit, die du unter&nbsp;<a style=\"color: #000000;\" href=\"https:\/\/ec.europa.eu\/consumers\/odr\" target=\"_blank\" rel=\"noopener\">https:\/\/ec.europa.eu\/consumers\/odr<\/a>\/ findest. zur teilnahme an einem streitbeilegungsverfahren vor einer verbraucherschlichtungsstelle sind wir nicht verpflichtet und nicht bereit.<\/span><\/p>\n<p style=\"text-align: left;\"><span style=\"color: #000000;\">gestaltung und umsetzung<\/span><\/p>\n<\/div>\n<\/div>\n<section class=\"elementor-section elementor-inner-section elementor-element elementor-element-1f67a75 elementor-section-boxed elementor-section-height-default elementor-section-height-default\" data-id=\"1f67a75\" data-element_type=\"section\">\n<div class=\"elementor-container elementor-column-gap-default\">\n<div class=\"elementor-column elementor-col-66 elementor-inner-column elementor-element elementor-element-9167a5d\" data-id=\"9167a5d\" data-element_type=\"column\">\n<div class=\"elementor-widget-wrap elementor-element-populated\">\n<div class=\"elementor-element elementor-element-0553342 elementor-widget elementor-widget-text-editor\" data-id=\"0553342\" data-element_type=\"widget\" data-widget_type=\"text-editor.default\">\n<p class=\"elementor-widget-container\" style=\"text-align: left;\"><span style=\"color: #000000;\">wahmstra\u00dfe 83, 23552 l\u00fcbeck<\/span><br><span style=\"color: #000000;\">telefon:<\/span>&nbsp;<a href=\"tel:0 45198986446\">+49 (0) 451 98 98 64-46<\/a><br><span style=\"color: #000000;\">e-mail:<\/span>&nbsp;<a href=\"mailto:info@foryu-media.de\">info@foryu-media.de<\/a><br><span style=\"color: #000000;\">internet:<\/span>&nbsp;<a href=\"https:\/\/druck-foryu.de\/impressum\/www.foryu-media.de\">www.foryu-media.de<\/a><\/p>\n<\/div>\n<\/div>\n<\/div>\n<\/div>\n<\/section>\t\t\t\t\t\t\t\t<\/div>\n\t\t\t\t<\/div>\n\t\t\t\t\t<\/div>\n\t\t<\/div>\n\t\t\t\t\t<\/div>\n\t\t<\/section>\n\t\t\t\t<section class=\"elementor-section elementor-top-section elementor-element elementor-element-011583b elementor-section-boxed elementor-section-height-default elementor-section-height-default\" data-id=\"011583b\" data-element_type=\"section\" data-e-type=\"section\">\n\t\t\t\t\t\t<div class=\"elementor-container elementor-column-gap-default\">\n\t\t\t\t\t<div class=\"elementor-column elementor-col-100 elementor-top-column elementor-element elementor-element-0575386\" data-id=\"0575386\" data-element_type=\"column\" data-e-type=\"column\">\n\t\t\t<div class=\"elementor-widget-wrap elementor-element-populated\">\n\t\t\t\t\t\t<div class=\"elementor-element elementor-element-29de305 elementor-widget elementor-widget-spacer\" data-id=\"29de305\" data-element_type=\"widget\" data-e-type=\"widget\" data-widget_type=\"spacer.default\">\n\t\t\t\t<div class=\"elementor-widget-container\">\n\t\t\t\t\t\t\t<div class=\"elementor-spacer\">\n\t\t\t<div class=\"elementor-spacer-inner\"><\/div>\n\t\t<\/div>\n\t\t\t\t\t\t<\/div>\n\t\t\t\t<\/div>\n\t\t\t\t\t<\/div>\n\t\t<\/div>\n\t\t\t\t\t<\/div>\n\t\t<\/section>\n\t\t\t\t<\/div>\n\t\t","protected":false},"excerpt":{"rendered":"<p>Impressum dieser internetauftritt wird betrieben von: foryu media ug (haftungsbeschr\u00e4nkt) &amp; co. kg wahmstrasse 83 23552 l\u00fcbeck tel.: 0451 \/&nbsp;98 98 64 46 fax: 0451 \/ 88 31 461 e-mail: info@foryu-media.de registergericht: amtsgericht l\u00fcbeck handelsregister nr.: hra 8046 die gesetzliche vertretung der foryu media ug (haftungsbeschr\u00e4nkt) &amp; co. kg erfolgt durch ihre komplement\u00e4rin, die foryu [&hellip;]<\/p>\n","protected":false},"author":1,"featured_media":0,"parent":0,"menu_order":0,"comment_status":"closed","ping_status":"closed","template":"","meta":{"footnotes":""},"class_list":["post-67","page","type-page","status-publish","hentry"],"yoast_head":"<!-- This site is optimized with the Yoast SEO plugin v27.3 - https:\/\/yoast.com\/product\/yoast-seo-wordpress\/ -->\n<title>Impressum - homepage-macher<\/title>\n<meta name=\"description\" content=\"Alle wichtigen Informationen zu uns findet ihr hier in unserem Impressum. F\u00fcr Fragen stehen wir euch auch jederzeit zur Verf\u00fcgung.\" \/>\n<meta name=\"robots\" content=\"index, follow, max-snippet:-1, max-image-preview:large, max-video-preview:-1\" \/>\n<link rel=\"canonical\" href=\"https:\/\/homepage-macher.de\/index.php\/impressum\/\" \/>\n<meta property=\"og:locale\" content=\"de_DE\" \/>\n<meta property=\"og:type\" content=\"article\" \/>\n<meta property=\"og:title\" content=\"Impressum - homepage-macher\" \/>\n<meta property=\"og:description\" content=\"Alle wichtigen Informationen zu uns findet ihr hier in unserem Impressum. F\u00fcr Fragen stehen wir euch auch jederzeit zur Verf\u00fcgung.\" \/>\n<meta property=\"og:url\" content=\"https:\/\/homepage-macher.de\/index.php\/impressum\/\" \/>\n<meta property=\"og:site_name\" content=\"homepage-macher\" \/>\n<meta property=\"article:modified_time\" content=\"2022-10-06T12:33:03+00:00\" \/>\n<meta name=\"twitter:card\" content=\"summary_large_image\" \/>\n<meta name=\"twitter:label1\" content=\"Gesch\u00e4tzte Lesezeit\" \/>\n\t<meta name=\"twitter:data1\" content=\"1\u00a0Minute\" \/>\n<script type=\"application\/ld+json\" class=\"yoast-schema-graph\">{\"@context\":\"https:\\\/\\\/schema.org\",\"@graph\":[{\"@type\":\"WebPage\",\"@id\":\"https:\\\/\\\/homepage-macher.de\\\/index.php\\\/impressum\\\/\",\"url\":\"https:\\\/\\\/homepage-macher.de\\\/index.php\\\/impressum\\\/\",\"name\":\"Impressum - homepage-macher\",\"isPartOf\":{\"@id\":\"https:\\\/\\\/homepage-macher.de\\\/#website\"},\"datePublished\":\"2022-09-14T07:17:52+00:00\",\"dateModified\":\"2022-10-06T12:33:03+00:00\",\"description\":\"Alle wichtigen Informationen zu uns findet ihr hier in unserem Impressum. F\u00fcr Fragen stehen wir euch auch jederzeit zur Verf\u00fcgung.\",\"breadcrumb\":{\"@id\":\"https:\\\/\\\/homepage-macher.de\\\/index.php\\\/impressum\\\/#breadcrumb\"},\"inLanguage\":\"de\",\"potentialAction\":[{\"@type\":\"ReadAction\",\"target\":[\"https:\\\/\\\/homepage-macher.de\\\/index.php\\\/impressum\\\/\"]}]},{\"@type\":\"BreadcrumbList\",\"@id\":\"https:\\\/\\\/homepage-macher.de\\\/index.php\\\/impressum\\\/#breadcrumb\",\"itemListElement\":[{\"@type\":\"ListItem\",\"position\":1,\"name\":\"Startseite\",\"item\":\"https:\\\/\\\/homepage-macher.de\\\/\"},{\"@type\":\"ListItem\",\"position\":2,\"name\":\"Impressum\"}]},{\"@type\":\"WebSite\",\"@id\":\"https:\\\/\\\/homepage-macher.de\\\/#website\",\"url\":\"https:\\\/\\\/homepage-macher.de\\\/\",\"name\":\"homepage-macher\",\"description\":\"So einfach kann Webseite sein\",\"publisher\":{\"@id\":\"https:\\\/\\\/homepage-macher.de\\\/#organization\"},\"potentialAction\":[{\"@type\":\"SearchAction\",\"target\":{\"@type\":\"EntryPoint\",\"urlTemplate\":\"https:\\\/\\\/homepage-macher.de\\\/?s={search_term_string}\"},\"query-input\":{\"@type\":\"PropertyValueSpecification\",\"valueRequired\":true,\"valueName\":\"search_term_string\"}}],\"inLanguage\":\"de\"},{\"@type\":\"Organization\",\"@id\":\"https:\\\/\\\/homepage-macher.de\\\/#organization\",\"name\":\"homepage-macher\",\"url\":\"https:\\\/\\\/homepage-macher.de\\\/\",\"logo\":{\"@type\":\"ImageObject\",\"inLanguage\":\"de\",\"@id\":\"https:\\\/\\\/homepage-macher.de\\\/#\\\/schema\\\/logo\\\/image\\\/\",\"url\":\"https:\\\/\\\/homepage-macher.de\\\/wp-content\\\/uploads\\\/2022\\\/09\\\/logo-casual.png\",\"contentUrl\":\"https:\\\/\\\/homepage-macher.de\\\/wp-content\\\/uploads\\\/2022\\\/09\\\/logo-casual.png\",\"width\":596,\"height\":842,\"caption\":\"homepage-macher\"},\"image\":{\"@id\":\"https:\\\/\\\/homepage-macher.de\\\/#\\\/schema\\\/logo\\\/image\\\/\"}}]}<\/script>\n<!-- \/ Yoast SEO plugin. -->","yoast_head_json":{"title":"Impressum - homepage-macher","description":"Alle wichtigen Informationen zu uns findet ihr hier in unserem Impressum. F\u00fcr Fragen stehen wir euch auch jederzeit zur Verf\u00fcgung.","robots":{"index":"index","follow":"follow","max-snippet":"max-snippet:-1","max-image-preview":"max-image-preview:large","max-video-preview":"max-video-preview:-1"},"canonical":"https:\/\/homepage-macher.de\/index.php\/impressum\/","og_locale":"de_DE","og_type":"article","og_title":"Impressum - homepage-macher","og_description":"Alle wichtigen Informationen zu uns findet ihr hier in unserem Impressum. F\u00fcr Fragen stehen wir euch auch jederzeit zur Verf\u00fcgung.","og_url":"https:\/\/homepage-macher.de\/index.php\/impressum\/","og_site_name":"homepage-macher","article_modified_time":"2022-10-06T12:33:03+00:00","twitter_card":"summary_large_image","twitter_misc":{"Gesch\u00e4tzte Lesezeit":"1\u00a0Minute"},"schema":{"@context":"https:\/\/schema.org","@graph":[{"@type":"WebPage","@id":"https:\/\/homepage-macher.de\/index.php\/impressum\/","url":"https:\/\/homepage-macher.de\/index.php\/impressum\/","name":"Impressum - homepage-macher","isPartOf":{"@id":"https:\/\/homepage-macher.de\/#website"},"datePublished":"2022-09-14T07:17:52+00:00","dateModified":"2022-10-06T12:33:03+00:00","description":"Alle wichtigen Informationen zu uns findet ihr hier in unserem Impressum. F\u00fcr Fragen stehen wir euch auch jederzeit zur Verf\u00fcgung.","breadcrumb":{"@id":"https:\/\/homepage-macher.de\/index.php\/impressum\/#breadcrumb"},"inLanguage":"de","potentialAction":[{"@type":"ReadAction","target":["https:\/\/homepage-macher.de\/index.php\/impressum\/"]}]},{"@type":"BreadcrumbList","@id":"https:\/\/homepage-macher.de\/index.php\/impressum\/#breadcrumb","itemListElement":[{"@type":"ListItem","position":1,"name":"Startseite","item":"https:\/\/homepage-macher.de\/"},{"@type":"ListItem","position":2,"name":"Impressum"}]},{"@type":"WebSite","@id":"https:\/\/homepage-macher.de\/#website","url":"https:\/\/homepage-macher.de\/","name":"homepage-macher","description":"So einfach kann Webseite sein","publisher":{"@id":"https:\/\/homepage-macher.de\/#organization"},"potentialAction":[{"@type":"SearchAction","target":{"@type":"EntryPoint","urlTemplate":"https:\/\/homepage-macher.de\/?s={search_term_string}"},"query-input":{"@type":"PropertyValueSpecification","valueRequired":true,"valueName":"search_term_string"}}],"inLanguage":"de"},{"@type":"Organization","@id":"https:\/\/homepage-macher.de\/#organization","name":"homepage-macher","url":"https:\/\/homepage-macher.de\/","logo":{"@type":"ImageObject","inLanguage":"de","@id":"https:\/\/homepage-macher.de\/#\/schema\/logo\/image\/","url":"https:\/\/homepage-macher.de\/wp-content\/uploads\/2022\/09\/logo-casual.png","contentUrl":"https:\/\/homepage-macher.de\/wp-content\/uploads\/2022\/09\/logo-casual.png","width":596,"height":842,"caption":"homepage-macher"},"image":{"@id":"https:\/\/homepage-macher.de\/#\/schema\/logo\/image\/"}}]}},"_links":{"self":[{"href":"https:\/\/homepage-macher.de\/index.php\/wp-json\/wp\/v2\/pages\/67","targetHints":{"allow":["GET"]}}],"collection":[{"href":"https:\/\/homepage-macher.de\/index.php\/wp-json\/wp\/v2\/pages"}],"about":[{"href":"https:\/\/homepage-macher.de\/index.php\/wp-json\/wp\/v2\/types\/page"}],"author":[{"embeddable":true,"href":"https:\/\/homepage-macher.de\/index.php\/wp-json\/wp\/v2\/users\/1"}],"replies":[{"embeddable":true,"href":"https:\/\/homepage-macher.de\/index.php\/wp-json\/wp\/v2\/comments?post=67"}],"version-history":[{"count":23,"href":"https:\/\/homepage-macher.de\/index.php\/wp-json\/wp\/v2\/pages\/67\/revisions"}],"predecessor-version":[{"id":702,"href":"https:\/\/homepage-macher.de\/index.php\/wp-json\/wp\/v2\/pages\/67\/revisions\/702"}],"wp:attachment":[{"href":"https:\/\/homepage-macher.de\/index.php\/wp-json\/wp\/v2\/media?parent=67"}],"curies":[{"name":"wp","href":"https:\/\/api.w.org\/{rel}","templated":true}]}}